{"id":283,"date":"2020-06-17T10:51:56","date_gmt":"2020-06-17T08:51:56","guid":{"rendered":"https:\/\/item.htwsaar.de\/?page_id=283"},"modified":"2025-06-30T13:37:24","modified_gmt":"2025-06-30T11:37:24","slug":"impressum","status":"publish","type":"page","link":"https:\/\/item.htwsaar.de\/en\/impressum\/","title":{"rendered":"Legal Disclosure"},"content":{"rendered":"<div data-elementor-type=\"wp-page\" data-elementor-id=\"283\" class=\"elementor elementor-283\" data-elementor-settings=\"{&quot;ha_cmc_init_switcher&quot;:&quot;no&quot;}\">\n\t\t\t\t<div class=\"elementor-element elementor-element-1c013609 e-flex e-con-boxed wpr-particle-no wpr-jarallax-no wpr-parallax-no wpr-sticky-section-no e-con e-parent\" data-id=\"1c013609\" data-element_type=\"container\" data-settings=\"{&quot;background_background&quot;:&quot;classic&quot;,&quot;_ha_eqh_enable&quot;:false}\">\n\t\t\t\t\t<div class=\"e-con-inner\">\n\t\t\t\t<div class=\"elementor-element elementor-element-1262d912 elementor-widget elementor-widget-heading\" data-id=\"1262d912\" data-element_type=\"widget\" data-widget_type=\"heading.default\">\n\t\t\t\t<div class=\"elementor-widget-container\">\n\t\t\t\t\t<h1 class=\"elementor-heading-title elementor-size-default\">Legal Disclosure<\/h1>\t\t\t\t<\/div>\n\t\t\t\t<\/div>\n\t\t\t\t\t<\/div>\n\t\t\t\t<\/div>\n\t\t<div class=\"elementor-element elementor-element-c2a452f e-flex e-con-boxed wpr-particle-no wpr-jarallax-no wpr-parallax-no wpr-sticky-section-no e-con e-parent\" data-id=\"c2a452f\" data-element_type=\"container\" data-settings=\"{&quot;_ha_eqh_enable&quot;:false}\">\n\t\t\t\t\t<div class=\"e-con-inner\">\n\t\t\t\t<div class=\"elementor-element elementor-element-0ee88ca elementor-widget elementor-widget-spacer\" data-id=\"0ee88ca\" data-element_type=\"widget\" data-widget_type=\"spacer.default\">\n\t\t\t\t<div class=\"elementor-widget-container\">\n\t\t\t\t\t\t\t<div class=\"elementor-spacer\">\n\t\t\t<div class=\"elementor-spacer-inner\"><\/div>\n\t\t<\/div>\n\t\t\t\t\t\t<\/div>\n\t\t\t\t<\/div>\n\t\t\t\t<div class=\"elementor-element elementor-element-9f84a39 elementor-widget elementor-widget-text-editor\" data-id=\"9f84a39\" data-element_type=\"widget\" data-widget_type=\"text-editor.default\">\n\t\t\t\t<div class=\"elementor-widget-container\">\n\t\t\t\t\t\t\t\t\t\n<p>Diese Seite wird angeboten von:<\/p>\n\n\n\n<p><strong>Prof. Dr. Horst Wieker<\/strong><br \/>Forschungsgruppe Verkehrstelematik<br \/>Hochschule f\u00fcr Technik und Wirtschaft des Saarlandes<br \/><a href=\"https:\/\/www.htwsaar.de\/htw\/ingwi\" target=\"_blank\" rel=\"noreferrer noopener\">Fakult\u00e4t Ingenieurwissenschaften<\/a><br \/>Goebenstra\u00dfe 40<br \/>66117 Saarbr\u00fccken<\/p>\n\n\n\n<p>Telefon: (0681) 58 67 &#8211; 0<br \/>Telefax: (0681) 58 67 &#8211; 122<br \/>E-Mail: <a href=\"mailto:info@htw-saarland.de\">info@htwsaar.de<\/a><\/p>\n\n\n\n<p>K\u00f6rperschaft des \u00f6ffentlichen Rechts<br \/>Vertretungsberechtigt: Pr\u00e4sident Prof. Dr.-Ing. Dieter Leonhard<\/p>\n\n\n\n<p>Umsatzsteuer-ID-Nummer (USt-IdNr.\/VAT-No.): DE815310122<\/p>\n\n\n\n<p>Aufsichtsbeh\u00f6rde<br \/>Ministerium der Finanzen und f\u00fcr Wissenschaft des Saarlandes<br \/>Am Stadtgraben 6-8<br \/>66111 Saarbr\u00fccken<\/p>\n\t\t\t\t\t\t\t\t<\/div>\n\t\t\t\t<\/div>\n\t\t\t\t<div class=\"elementor-element elementor-element-211d2ee elementor-widget elementor-widget-spacer\" data-id=\"211d2ee\" data-element_type=\"widget\" data-widget_type=\"spacer.default\">\n\t\t\t\t<div class=\"elementor-widget-container\">\n\t\t\t\t\t\t\t<div class=\"elementor-spacer\">\n\t\t\t<div class=\"elementor-spacer-inner\"><\/div>\n\t\t<\/div>\n\t\t\t\t\t\t<\/div>\n\t\t\t\t<\/div>\n\t\t\t\t\t<\/div>\n\t\t\t\t<\/div>\n\t\t<div class=\"elementor-element elementor-element-6943bf8e e-flex e-con-boxed wpr-particle-no wpr-jarallax-no wpr-parallax-no wpr-sticky-section-no e-con e-parent\" data-id=\"6943bf8e\" data-element_type=\"container\" data-settings=\"{&quot;background_background&quot;:&quot;classic&quot;,&quot;_ha_eqh_enable&quot;:false}\">\n\t\t\t\t\t<div class=\"e-con-inner\">\n\t\t\t\t<div class=\"elementor-element elementor-element-7b028848 elementor-widget elementor-widget-text-editor\" data-id=\"7b028848\" data-element_type=\"widget\" data-widget_type=\"text-editor.default\">\n\t\t\t\t<div class=\"elementor-widget-container\">\n\t\t\t\t\t\t\t\t\t<p><span style=\"color: #ffffff;\"><a style=\"color: #ffffff;\" href=\"https:\/\/item.htwsaar.de\/en\/de\/Impressum\/\">Legal Disclosure<\/a> | <a style=\"color: #ffffff;\" href=\"https:\/\/item.htwsaar.de\/en\/datenschutzerklaerung-und-haftungsausschluss\/\">Privacy policy<\/a> | <a style=\"color: #ffffff;\" href=\"https:\/\/item.htwsaar.de\/en\/cookie-richtlinie-eu\/\">Cookie Directive (EU)<\/a><\/span><\/p>\t\t\t\t\t\t\t\t<\/div>\n\t\t\t\t<\/div>\n\t\t\t\t\t<\/div>\n\t\t\t\t<\/div>\n\t\t\t\t<\/div>","protected":false},"excerpt":{"rendered":"<p>Impressum Diese Seite wird angeboten von: Prof. Dr. Horst WiekerForschungsgruppe VerkehrstelematikHochschule f\u00fcr Technik und Wirtschaft des SaarlandesFakult\u00e4t IngenieurwissenschaftenGoebenstra\u00dfe 4066117 Saarbr\u00fccken Telefon: (0681) 58 67 &#8211; 0Telefax: (0681) 58 67 &#8211; 122E-Mail: info@htwsaar.de K\u00f6rperschaft des \u00f6ffentlichen RechtsVertretungsberechtigt: Pr\u00e4sident Prof. Dr.-Ing. Dieter Leonhard Umsatzsteuer-ID-Nummer (USt-IdNr.\/VAT-No.): DE815310122 Aufsichtsbeh\u00f6rdeMinisterium der Finanzen und f\u00fcr Wissenschaft des SaarlandesAm Stadtgraben 6-866111 Saarbr\u00fccken Impressum | Datenschutz | Cookie-Richtlinie (EU)<\/p>","protected":false},"author":1,"featured_media":0,"parent":0,"menu_order":0,"comment_status":"closed","ping_status":"closed","template":"","meta":{"ocean_post_layout":"full-screen","ocean_both_sidebars_style":"","ocean_both_sidebars_content_width":0,"ocean_both_sidebars_sidebars_width":0,"ocean_sidebar":"","ocean_second_sidebar":"","ocean_disable_margins":"on","ocean_add_body_class":"","ocean_shortcode_before_top_bar":"","ocean_shortcode_after_top_bar":"","ocean_shortcode_before_header":"","ocean_shortcode_after_header":"","ocean_has_shortcode":"","ocean_shortcode_after_title":"","ocean_shortcode_before_footer_widgets":"","ocean_shortcode_after_footer_widgets":"","ocean_shortcode_before_footer_bottom":"","ocean_shortcode_after_footer_bottom":"","ocean_display_top_bar":"off","ocean_display_header":"default","ocean_header_style":"","ocean_center_header_left_menu":"","ocean_custom_header_template":"","ocean_custom_logo":0,"ocean_custom_retina_logo":0,"ocean_custom_logo_max_width":0,"ocean_custom_logo_tablet_max_width":0,"ocean_custom_logo_mobile_max_width":0,"ocean_custom_logo_max_height":0,"ocean_custom_logo_tablet_max_height":0,"ocean_custom_logo_mobile_max_height":0,"ocean_header_custom_menu":"","ocean_menu_typo_font_family":"","ocean_menu_typo_font_subset":"","ocean_menu_typo_font_size":0,"ocean_menu_typo_font_size_tablet":0,"ocean_menu_typo_font_size_mobile":0,"ocean_menu_typo_font_size_unit":"px","ocean_menu_typo_font_weight":"","ocean_menu_typo_font_weight_tablet":"","ocean_menu_typo_font_weight_mobile":"","ocean_menu_typo_transform":"","ocean_menu_typo_transform_tablet":"","ocean_menu_typo_transform_mobile":"","ocean_menu_typo_line_height":0,"ocean_menu_typo_line_height_tablet":0,"ocean_menu_typo_line_height_mobile":0,"ocean_menu_typo_line_height_unit":"","ocean_menu_typo_spacing":0,"ocean_menu_typo_spacing_tablet":0,"ocean_menu_typo_spacing_mobile":0,"ocean_menu_typo_spacing_unit":"","ocean_menu_link_color":"","ocean_menu_link_color_hover":"","ocean_menu_link_color_active":"","ocean_menu_link_background":"","ocean_menu_link_hover_background":"","ocean_menu_link_active_background":"","ocean_menu_social_links_bg":"","ocean_menu_social_hover_links_bg":"","ocean_menu_social_links_color":"","ocean_menu_social_hover_links_color":"","ocean_disable_title":"on","ocean_disable_heading":"default","ocean_post_title":"","ocean_post_subheading":"","ocean_post_title_style":"","ocean_post_title_background_color":"","ocean_post_title_background":0,"ocean_post_title_bg_image_position":"","ocean_post_title_bg_image_attachment":"","ocean_post_title_bg_image_repeat":"","ocean_post_title_bg_image_size":"","ocean_post_title_height":0,"ocean_post_title_bg_overlay":0.5,"ocean_post_title_bg_overlay_color":"","ocean_disable_breadcrumbs":"off","ocean_breadcrumbs_color":"","ocean_breadcrumbs_separator_color":"","ocean_breadcrumbs_links_color":"","ocean_breadcrumbs_links_hover_color":"","ocean_display_footer_widgets":"off","ocean_display_footer_bottom":"off","ocean_custom_footer_template":"","two_page_speed":{"previous_score":{"desktop_score":83,"desktop_tti":"1.9\u00a0","mobile_score":55.00000000000001,"mobile_tti":"9.5\u00a0","date":"29.02.2024 11:52:05 am","status":"completed"},"current_score":{"desktop_score":97,"desktop_tti":"1.2\u00a0","mobile_score":87,"mobile_tti":"3.9\u00a0","date":"30.06.2025 01:37:57 pm","status":"completed"}},"footnotes":""},"class_list":["post-283","page","type-page","status-publish","hentry","entry"],"_links":{"self":[{"href":"https:\/\/item.htwsaar.de\/en\/wp-json\/wp\/v2\/pages\/283","targetHints":{"allow":["GET"]}}],"collection":[{"href":"https:\/\/item.htwsaar.de\/en\/wp-json\/wp\/v2\/pages"}],"about":[{"href":"https:\/\/item.htwsaar.de\/en\/wp-json\/wp\/v2\/types\/page"}],"author":[{"embeddable":true,"href":"https:\/\/item.htwsaar.de\/en\/wp-json\/wp\/v2\/users\/1"}],"replies":[{"embeddable":true,"href":"https:\/\/item.htwsaar.de\/en\/wp-json\/wp\/v2\/comments?post=283"}],"version-history":[{"count":15,"href":"https:\/\/item.htwsaar.de\/en\/wp-json\/wp\/v2\/pages\/283\/revisions"}],"predecessor-version":[{"id":3952,"href":"https:\/\/item.htwsaar.de\/en\/wp-json\/wp\/v2\/pages\/283\/revisions\/3952"}],"wp:attachment":[{"href":"https:\/\/item.htwsaar.de\/en\/wp-json\/wp\/v2\/media?parent=283"}],"curies":[{"name":"wp","href":"https:\/\/api.w.org\/{rel}","templated":true}]}}